{"id":27085,"date":"2021-10-14T10:13:21","date_gmt":"2021-10-14T10:13:21","guid":{"rendered":"https:\/\/cirqueon.cz\/kontakt"},"modified":"2025-04-25T09:16:47","modified_gmt":"2025-04-25T09:16:47","slug":"contact","status":"publish","type":"page","link":"https:\/\/cirqueon.cz\/en\/contact","title":{"rendered":"Contact"},"content":{"rendered":"<p>Vlastislavova 603\/11, Praha 4 &#8211; Nusle, 140 00<br \/>\nMonday &#8211; Friday 9:00-18:00<\/p>\n<p>+420 608 750 752<br \/>\ninfo@cirqueon.cz<\/p>\n<p><strong>Downloads:<\/strong><br \/>\n<a href=\"https:\/\/cirqueon.cz\/app\/uploads\/cirqueon-logo-cirqueon.zip\">CIRQUEON LOGO<\/a><br \/>\n<a href=\"https:\/\/cirqueon.cz\/app\/uploads\/cirqueon-cirqueon-logo-manual.pdf\">CIRQUEON LOGO MANU\u00c1L<\/a><br \/>\n<a href=\"https:\/\/cirqueon.cz\/records\">V\u00ddRO\u010cN\u00cd ZPR\u00c1VY<\/a><\/p>\n","protected":false},"excerpt":{"rendered":"<p>Vlastislavova 603\/11, Praha 4 &#8211; Nusle, 140 00 Monday &#8211; Friday 9:00-18:00 +420 608 750 752 info@cirqueon.cz Downloads: CIRQUEON LOGO CIRQUEON LOGO MANU\u00c1L V\u00ddRO\u010cN\u00cd ZPR\u00c1VY<\/p>\n","protected":false},"author":1,"featured_media":0,"parent":0,"menu_order":102,"comment_status":"closed","ping_status":"closed","template":"","meta":{"_acf_changed":false,"footnotes":""},"class_list":["post-27085","page","type-page","status-publish","hentry"],"acf":[],"yoast_head":"<!-- This site is optimized with the Yoast SEO plugin v23.4 - https:\/\/yoast.com\/wordpress\/plugins\/seo\/ -->\n<title>Contact - CIRQUEON<\/title>\n<meta name=\"robots\" content=\"index, follow, max-snippet:-1, max-image-preview:large, max-video-preview:-1\" \/>\n<link rel=\"canonical\" href=\"https:\/\/cirqueon.cz\/en\/contact\" \/>\n<meta property=\"og:locale\" content=\"en_US\" \/>\n<meta property=\"og:type\" content=\"article\" \/>\n<meta property=\"og:title\" content=\"Contact - CIRQUEON\" \/>\n<meta property=\"og:description\" content=\"Vlastislavova 603\/11, Praha 4 &#8211; Nusle, 140 00 Monday &#8211; Friday 9:00-18:00 +420 608 750 752 info@cirqueon.cz Downloads: CIRQUEON LOGO CIRQUEON LOGO MANU\u00c1L V\u00ddRO\u010cN\u00cd ZPR\u00c1VY\" \/>\n<meta property=\"og:url\" content=\"https:\/\/cirqueon.cz\/en\/contact\" \/>\n<meta property=\"og:site_name\" content=\"CIRQUEON\" \/>\n<meta property=\"article:modified_time\" content=\"2025-04-25T09:16:47+00:00\" \/>\n<meta name=\"twitter:card\" content=\"summary_large_image\" \/>\n<meta name=\"twitter:label1\" content=\"Est. reading time\" \/>\n\t<meta name=\"twitter:data1\" content=\"1 minute\" \/>\n<script type=\"application\/ld+json\" class=\"yoast-schema-graph\">{\"@context\":\"https:\/\/schema.org\",\"@graph\":[{\"@type\":\"WebPage\",\"@id\":\"https:\/\/cirqueon.cz\/en\/contact\",\"url\":\"https:\/\/cirqueon.cz\/en\/contact\",\"name\":\"Contact - CIRQUEON\",\"isPartOf\":{\"@id\":\"https:\/\/cirqueon.cz\/#website\"},\"datePublished\":\"2021-10-14T10:13:21+00:00\",\"dateModified\":\"2025-04-25T09:16:47+00:00\",\"breadcrumb\":{\"@id\":\"https:\/\/cirqueon.cz\/en\/contact#breadcrumb\"},\"inLanguage\":\"en-US\",\"potentialAction\":[{\"@type\":\"ReadAction\",\"target\":[\"https:\/\/cirqueon.cz\/en\/contact\"]}]},{\"@type\":\"BreadcrumbList\",\"@id\":\"https:\/\/cirqueon.cz\/en\/contact#breadcrumb\",\"itemListElement\":[{\"@type\":\"ListItem\",\"position\":1,\"name\":\"Home\",\"item\":\"https:\/\/cirqueon.cz\/en\"},{\"@type\":\"ListItem\",\"position\":2,\"name\":\"Contact\"}]},{\"@type\":\"WebSite\",\"@id\":\"https:\/\/cirqueon.cz\/#website\",\"url\":\"https:\/\/cirqueon.cz\/\",\"name\":\"CIRQUEON\",\"description\":\"Centrum pro nov\u00fd cirkus\",\"potentialAction\":[{\"@type\":\"SearchAction\",\"target\":{\"@type\":\"EntryPoint\",\"urlTemplate\":\"https:\/\/cirqueon.cz\/?s={search_term_string}\"},\"query-input\":{\"@type\":\"PropertyValueSpecification\",\"valueRequired\":true,\"valueName\":\"search_term_string\"}}],\"inLanguage\":\"en-US\"}]}<\/script>\n<!-- \/ Yoast SEO plugin. -->","yoast_head_json":{"title":"Contact - CIRQUEON","robots":{"index":"index","follow":"follow","max-snippet":"max-snippet:-1","max-image-preview":"max-image-preview:large","max-video-preview":"max-video-preview:-1"},"canonical":"https:\/\/cirqueon.cz\/en\/contact","og_locale":"en_US","og_type":"article","og_title":"Contact - CIRQUEON","og_description":"Vlastislavova 603\/11, Praha 4 &#8211; Nusle, 140 00 Monday &#8211; Friday 9:00-18:00 +420 608 750 752 info@cirqueon.cz Downloads: CIRQUEON LOGO CIRQUEON LOGO MANU\u00c1L V\u00ddRO\u010cN\u00cd ZPR\u00c1VY","og_url":"https:\/\/cirqueon.cz\/en\/contact","og_site_name":"CIRQUEON","article_modified_time":"2025-04-25T09:16:47+00:00","twitter_card":"summary_large_image","twitter_misc":{"Est. reading time":"1 minute"},"schema":{"@context":"https:\/\/schema.org","@graph":[{"@type":"WebPage","@id":"https:\/\/cirqueon.cz\/en\/contact","url":"https:\/\/cirqueon.cz\/en\/contact","name":"Contact - CIRQUEON","isPartOf":{"@id":"https:\/\/cirqueon.cz\/#website"},"datePublished":"2021-10-14T10:13:21+00:00","dateModified":"2025-04-25T09:16:47+00:00","breadcrumb":{"@id":"https:\/\/cirqueon.cz\/en\/contact#breadcrumb"},"inLanguage":"en-US","potentialAction":[{"@type":"ReadAction","target":["https:\/\/cirqueon.cz\/en\/contact"]}]},{"@type":"BreadcrumbList","@id":"https:\/\/cirqueon.cz\/en\/contact#breadcrumb","itemListElement":[{"@type":"ListItem","position":1,"name":"Home","item":"https:\/\/cirqueon.cz\/en"},{"@type":"ListItem","position":2,"name":"Contact"}]},{"@type":"WebSite","@id":"https:\/\/cirqueon.cz\/#website","url":"https:\/\/cirqueon.cz\/","name":"CIRQUEON","description":"Centrum pro nov\u00fd cirkus","potentialAction":[{"@type":"SearchAction","target":{"@type":"EntryPoint","urlTemplate":"https:\/\/cirqueon.cz\/?s={search_term_string}"},"query-input":{"@type":"PropertyValueSpecification","valueRequired":true,"valueName":"search_term_string"}}],"inLanguage":"en-US"}]}},"_links":{"self":[{"href":"https:\/\/cirqueon.cz\/en\/wp-json\/wp\/v2\/pages\/27085","targetHints":{"allow":["GET"]}}],"collection":[{"href":"https:\/\/cirqueon.cz\/en\/wp-json\/wp\/v2\/pages"}],"about":[{"href":"https:\/\/cirqueon.cz\/en\/wp-json\/wp\/v2\/types\/page"}],"author":[{"embeddable":true,"href":"https:\/\/cirqueon.cz\/en\/wp-json\/wp\/v2\/users\/1"}],"replies":[{"embeddable":true,"href":"https:\/\/cirqueon.cz\/en\/wp-json\/wp\/v2\/comments?post=27085"}],"version-history":[{"count":6,"href":"https:\/\/cirqueon.cz\/en\/wp-json\/wp\/v2\/pages\/27085\/revisions"}],"predecessor-version":[{"id":27092,"href":"https:\/\/cirqueon.cz\/en\/wp-json\/wp\/v2\/pages\/27085\/revisions\/27092"}],"wp:attachment":[{"href":"https:\/\/cirqueon.cz\/en\/wp-json\/wp\/v2\/media?parent=27085"}],"curies":[{"name":"wp","href":"https:\/\/api.w.org\/{rel}","templated":true}]}}