{"id":27082,"date":"2016-08-15T11:46:04","date_gmt":"2016-08-15T11:46:04","guid":{"rendered":"https:\/\/cirqueon.cz\/homepage"},"modified":"2025-04-25T09:24:05","modified_gmt":"2025-04-25T09:24:05","slug":"homepage","status":"publish","type":"page","link":"https:\/\/cirqueon.cz\/en","title":{"rendered":"Homepage"},"content":{"rendered":"","protected":false},"excerpt":{"rendered":"","protected":false},"author":1,"featured_media":25900,"parent":0,"menu_order":17,"comment_status":"closed","ping_status":"closed","template":"","meta":{"_acf_changed":false,"footnotes":""},"class_list":["post-27082","page","type-page","status-publish","has-post-thumbnail","hentry"],"acf":[],"yoast_head":"<!-- This site is optimized with the Yoast SEO plugin v23.4 - https:\/\/yoast.com\/wordpress\/plugins\/seo\/ -->\n<title>CIRQUEON - Centrum pro nov\u00fd cirkus<\/title>\n<meta name=\"description\" content=\"Tr\u00e9ninkov\u00e9 a tv\u016fr\u010d\u00ed centrum nov\u00e9ho cirkusu. Poskytujeme podm\u00ednky pro um\u011bleckou tvorbu i um\u011bleck\u00fd v\u00fdzkum a pro tr\u00e9ninky \u010desk\u00fdm a zahrani\u010dn\u00edm um\u011blc\u016fm.\" \/>\n<meta name=\"robots\" content=\"index, follow, max-snippet:-1, max-image-preview:large, max-video-preview:-1\" \/>\n<link rel=\"canonical\" href=\"https:\/\/cirqueon.cz\/en\" \/>\n<meta property=\"og:locale\" content=\"en_US\" \/>\n<meta property=\"og:type\" content=\"article\" \/>\n<meta property=\"og:title\" content=\"CIRQUEON - Centrum pro nov\u00fd cirkus\" \/>\n<meta property=\"og:description\" content=\"Tr\u00e9ninkov\u00e9 a tv\u016fr\u010d\u00ed centrum nov\u00e9ho cirkusu. Poskytujeme podm\u00ednky pro um\u011bleckou tvorbu i um\u011bleck\u00fd v\u00fdzkum a pro tr\u00e9ninky \u010desk\u00fdm a zahrani\u010dn\u00edm um\u011blc\u016fm.\" \/>\n<meta property=\"og:url\" content=\"https:\/\/cirqueon.cz\/en\" \/>\n<meta property=\"og:site_name\" content=\"CIRQUEON\" \/>\n<meta property=\"article:modified_time\" content=\"2025-04-25T09:24:05+00:00\" \/>\n<meta property=\"og:image\" content=\"https:\/\/cirqueon.cz\/app\/uploads\/cirkusovenoci-cirqueon2024annasolcova142-1-scaled.jpg\" \/>\n\t<meta property=\"og:image:width\" content=\"2560\" \/>\n\t<meta property=\"og:image:height\" content=\"1703\" \/>\n\t<meta property=\"og:image:type\" content=\"image\/jpeg\" \/>\n<meta name=\"twitter:card\" content=\"summary_large_image\" \/>\n<meta name=\"twitter:label1\" content=\"Est. reading time\" \/>\n\t<meta name=\"twitter:data1\" content=\"1 minute\" \/>\n<script type=\"application\/ld+json\" class=\"yoast-schema-graph\">{\"@context\":\"https:\/\/schema.org\",\"@graph\":[{\"@type\":\"WebPage\",\"@id\":\"https:\/\/cirqueon.cz\/en\",\"url\":\"https:\/\/cirqueon.cz\/en\",\"name\":\"CIRQUEON - Centrum pro nov\u00fd cirkus\",\"isPartOf\":{\"@id\":\"https:\/\/cirqueon.cz\/#website\"},\"primaryImageOfPage\":{\"@id\":\"https:\/\/cirqueon.cz\/en#primaryimage\"},\"image\":{\"@id\":\"https:\/\/cirqueon.cz\/en#primaryimage\"},\"thumbnailUrl\":\"https:\/\/cirqueon.cz\/app\/uploads\/cirkusovenoci-cirqueon2024annasolcova142-1-scaled.jpg\",\"datePublished\":\"2016-08-15T11:46:04+00:00\",\"dateModified\":\"2025-04-25T09:24:05+00:00\",\"description\":\"Tr\u00e9ninkov\u00e9 a tv\u016fr\u010d\u00ed centrum nov\u00e9ho cirkusu. Poskytujeme podm\u00ednky pro um\u011bleckou tvorbu i um\u011bleck\u00fd v\u00fdzkum a pro tr\u00e9ninky \u010desk\u00fdm a zahrani\u010dn\u00edm um\u011blc\u016fm.\",\"breadcrumb\":{\"@id\":\"https:\/\/cirqueon.cz\/en#breadcrumb\"},\"inLanguage\":\"en-US\",\"potentialAction\":[{\"@type\":\"ReadAction\",\"target\":[\"https:\/\/cirqueon.cz\/en\"]}]},{\"@type\":\"ImageObject\",\"inLanguage\":\"en-US\",\"@id\":\"https:\/\/cirqueon.cz\/en#primaryimage\",\"url\":\"https:\/\/cirqueon.cz\/app\/uploads\/cirkusovenoci-cirqueon2024annasolcova142-1-scaled.jpg\",\"contentUrl\":\"https:\/\/cirqueon.cz\/app\/uploads\/cirkusovenoci-cirqueon2024annasolcova142-1-scaled.jpg\",\"width\":2560,\"height\":1703},{\"@type\":\"BreadcrumbList\",\"@id\":\"https:\/\/cirqueon.cz\/en#breadcrumb\",\"itemListElement\":[{\"@type\":\"ListItem\",\"position\":1,\"name\":\"Home\",\"item\":\"https:\/\/cirqueon.cz\/en\"},{\"@type\":\"ListItem\",\"position\":2,\"name\":\"Homepage\"}]},{\"@type\":\"WebSite\",\"@id\":\"https:\/\/cirqueon.cz\/#website\",\"url\":\"https:\/\/cirqueon.cz\/\",\"name\":\"CIRQUEON\",\"description\":\"Centrum pro nov\u00fd cirkus\",\"potentialAction\":[{\"@type\":\"SearchAction\",\"target\":{\"@type\":\"EntryPoint\",\"urlTemplate\":\"https:\/\/cirqueon.cz\/?s={search_term_string}\"},\"query-input\":{\"@type\":\"PropertyValueSpecification\",\"valueRequired\":true,\"valueName\":\"search_term_string\"}}],\"inLanguage\":\"en-US\"}]}<\/script>\n<!-- \/ Yoast SEO plugin. -->","yoast_head_json":{"title":"CIRQUEON - Centrum pro nov\u00fd cirkus","description":"Tr\u00e9ninkov\u00e9 a tv\u016fr\u010d\u00ed centrum nov\u00e9ho cirkusu. Poskytujeme podm\u00ednky pro um\u011bleckou tvorbu i um\u011bleck\u00fd v\u00fdzkum a pro tr\u00e9ninky \u010desk\u00fdm a zahrani\u010dn\u00edm um\u011blc\u016fm.","robots":{"index":"index","follow":"follow","max-snippet":"max-snippet:-1","max-image-preview":"max-image-preview:large","max-video-preview":"max-video-preview:-1"},"canonical":"https:\/\/cirqueon.cz\/en","og_locale":"en_US","og_type":"article","og_title":"CIRQUEON - Centrum pro nov\u00fd cirkus","og_description":"Tr\u00e9ninkov\u00e9 a tv\u016fr\u010d\u00ed centrum nov\u00e9ho cirkusu. Poskytujeme podm\u00ednky pro um\u011bleckou tvorbu i um\u011bleck\u00fd v\u00fdzkum a pro tr\u00e9ninky \u010desk\u00fdm a zahrani\u010dn\u00edm um\u011blc\u016fm.","og_url":"https:\/\/cirqueon.cz\/en","og_site_name":"CIRQUEON","article_modified_time":"2025-04-25T09:24:05+00:00","og_image":[{"width":2560,"height":1703,"url":"https:\/\/cirqueon.cz\/app\/uploads\/cirkusovenoci-cirqueon2024annasolcova142-1-scaled.jpg","type":"image\/jpeg"}],"twitter_card":"summary_large_image","twitter_misc":{"Est. reading time":"1 minute"},"schema":{"@context":"https:\/\/schema.org","@graph":[{"@type":"WebPage","@id":"https:\/\/cirqueon.cz\/en","url":"https:\/\/cirqueon.cz\/en","name":"CIRQUEON - Centrum pro nov\u00fd cirkus","isPartOf":{"@id":"https:\/\/cirqueon.cz\/#website"},"primaryImageOfPage":{"@id":"https:\/\/cirqueon.cz\/en#primaryimage"},"image":{"@id":"https:\/\/cirqueon.cz\/en#primaryimage"},"thumbnailUrl":"https:\/\/cirqueon.cz\/app\/uploads\/cirkusovenoci-cirqueon2024annasolcova142-1-scaled.jpg","datePublished":"2016-08-15T11:46:04+00:00","dateModified":"2025-04-25T09:24:05+00:00","description":"Tr\u00e9ninkov\u00e9 a tv\u016fr\u010d\u00ed centrum nov\u00e9ho cirkusu. Poskytujeme podm\u00ednky pro um\u011bleckou tvorbu i um\u011bleck\u00fd v\u00fdzkum a pro tr\u00e9ninky \u010desk\u00fdm a zahrani\u010dn\u00edm um\u011blc\u016fm.","breadcrumb":{"@id":"https:\/\/cirqueon.cz\/en#breadcrumb"},"inLanguage":"en-US","potentialAction":[{"@type":"ReadAction","target":["https:\/\/cirqueon.cz\/en"]}]},{"@type":"ImageObject","inLanguage":"en-US","@id":"https:\/\/cirqueon.cz\/en#primaryimage","url":"https:\/\/cirqueon.cz\/app\/uploads\/cirkusovenoci-cirqueon2024annasolcova142-1-scaled.jpg","contentUrl":"https:\/\/cirqueon.cz\/app\/uploads\/cirkusovenoci-cirqueon2024annasolcova142-1-scaled.jpg","width":2560,"height":1703},{"@type":"BreadcrumbList","@id":"https:\/\/cirqueon.cz\/en#breadcrumb","itemListElement":[{"@type":"ListItem","position":1,"name":"Home","item":"https:\/\/cirqueon.cz\/en"},{"@type":"ListItem","position":2,"name":"Homepage"}]},{"@type":"WebSite","@id":"https:\/\/cirqueon.cz\/#website","url":"https:\/\/cirqueon.cz\/","name":"CIRQUEON","description":"Centrum pro nov\u00fd cirkus","potentialAction":[{"@type":"SearchAction","target":{"@type":"EntryPoint","urlTemplate":"https:\/\/cirqueon.cz\/?s={search_term_string}"},"query-input":{"@type":"PropertyValueSpecification","valueRequired":true,"valueName":"search_term_string"}}],"inLanguage":"en-US"}]}},"_links":{"self":[{"href":"https:\/\/cirqueon.cz\/en\/wp-json\/wp\/v2\/pages\/27082","targetHints":{"allow":["GET"]}}],"collection":[{"href":"https:\/\/cirqueon.cz\/en\/wp-json\/wp\/v2\/pages"}],"about":[{"href":"https:\/\/cirqueon.cz\/en\/wp-json\/wp\/v2\/types\/page"}],"author":[{"embeddable":true,"href":"https:\/\/cirqueon.cz\/en\/wp-json\/wp\/v2\/users\/1"}],"replies":[{"embeddable":true,"href":"https:\/\/cirqueon.cz\/en\/wp-json\/wp\/v2\/comments?post=27082"}],"version-history":[{"count":3,"href":"https:\/\/cirqueon.cz\/en\/wp-json\/wp\/v2\/pages\/27082\/revisions"}],"predecessor-version":[{"id":27093,"href":"https:\/\/cirqueon.cz\/en\/wp-json\/wp\/v2\/pages\/27082\/revisions\/27093"}],"wp:featuredmedia":[{"embeddable":true,"href":"https:\/\/cirqueon.cz\/en\/wp-json\/wp\/v2\/media\/25900"}],"wp:attachment":[{"href":"https:\/\/cirqueon.cz\/en\/wp-json\/wp\/v2\/media?parent=27082"}],"curies":[{"name":"wp","href":"https:\/\/api.w.org\/{rel}","templated":true}]}}